{"id":2,"date":"2022-03-01T10:00:50","date_gmt":"2022-03-01T08:00:50","guid":{"rendered":"http:\/\/singielnaszlaku.pl\/wordpress\/?page_id=2"},"modified":"2022-04-25T08:12:40","modified_gmt":"2022-04-25T06:12:40","slug":"o-mnie","status":"publish","type":"page","link":"http:\/\/singielnaszlaku.pl\/index.php\/o-mnie\/","title":{"rendered":"O mnie"},"content":{"rendered":"\n<p><strong>Czemu &#8222;singiel&#8221;? <\/strong><\/p>\n\n\n\n<blockquote class=\"wp-block-quote\"><p>Bo &#8222;informatyk&#8221; brzmi nudnie \ud83d\ude42 , bo &#8222;tata&#8221; sugerowa\u0142by kolejny parentingowy blog. Nie czuj\u0119 si\u0119 ani idealnym rodzicem, ani doskona\u0142ym informatykiem, wi\u0119c trafi\u0142o na singla. Singlem jestem idealnym \ud83d\ude09 Bo taki jest m\u00f3j status, bo tak si\u0119 potoczy\u0142y moje losy, bo jeszcze nie spotka\u0142em swojej WOW, dla kt\u00f3rej ja by\u0142bym wystarczaj\u0105co WOW. <\/p><\/blockquote>\n\n\n\n<p><strong>Czemu &#8222;na szlaku&#8221;<\/strong><\/p>\n\n\n\n<blockquote class=\"wp-block-quote is-style-plain\"><p>Bo spo\u015br\u00f3d moich wielu aktywno\u015bci, g\u00f3ry s\u0105 jedn\u0105 z najciekawszych i chyba najbardziej spektakularnych.  <br>Bez wzgl\u0119du, czy pieszo, czy rowerem, zawsze budz\u0105 we mnie pozytywne odczucia i wspomnienia. Kontakt z natur\u0105 bardzo uspokaja, redukuje stres, a jednocze\u015bnie \u0142aduje bardzo pozytywn\u0105 energi\u0105. <\/p><\/blockquote>\n\n\n\n<p><strong>Czemu blog?<\/strong><\/p>\n\n\n\n<blockquote class=\"wp-block-quote is-style-default\"><p>Bo, wbrew pozorom, czasem mam czas. Bo chcia\u0142bym si\u0119 z Wami podzieli\u0107 swoimi my\u015blami, pokaza\u0107 swoj\u0105 okolic\u0119, zapyta\u0107 o zdanie. <\/p><p>Jednocze\u015bnie to doskona\u0142y spos\u00f3b poznania &#8222;wiedzy tajemnej&#8221; o tworzeniu stron i poznaniu zale\u017cno\u015bci social medi\u00f3w. <\/p><p>Jest to te\u017c \u015bwietna forma promowania mojego regionu i jego walor\u00f3w turystycznych.<\/p><p>A mo\u017ce i przy okazji kliknie tu jaka\u015b WOW \ud83d\ude09 <\/p><\/blockquote>\n\n\n\n<p class=\"has-text-align-center\">Zapraszam te\u017c na <\/p>\n\n\n\n<p class=\"has-text-align-center\"><a rel=\"noreferrer noopener\" href=\"https:\/\/www.instagram.com\/singielnaszlaku.pl\/\" target=\"_blank\">Instagrama<\/a> i <a rel=\"noreferrer noopener\" href=\"https:\/\/www.facebook.com\/singielnaszlaku\" target=\"_blank\">Facebooka<\/a><br><\/p>\n","protected":false},"excerpt":{"rendered":"<p>Czemu &#8222;singiel&#8221;? Bo &#8222;informatyk&#8221; brzmi nudnie \ud83d\ude42 , bo &#8222;tata&#8221; sugerowa\u0142by kolejny parentingowy blog. Nie czuj\u0119 si\u0119 ani idealnym rodzicem, ani doskona\u0142ym informatykiem, wi\u0119c trafi\u0142o na singla. Singlem jestem idealnym \ud83d\ude09 Bo taki jest m\u00f3j status, bo tak si\u0119 potoczy\u0142y moje losy, bo jeszcze nie spotka\u0142em swojej WOW, dla kt\u00f3rej ja by\u0142bym wystarczaj\u0105co WOW. Czemu&#8230;<\/p>\n","protected":false},"author":1,"featured_media":0,"parent":0,"menu_order":0,"comment_status":"closed","ping_status":"closed","template":"","meta":[],"jetpack_sharing_enabled":true,"jetpack-related-posts":[],"jetpack_likes_enabled":true,"_links":{"self":[{"href":"http:\/\/singielnaszlaku.pl\/index.php\/wp-json\/wp\/v2\/pages\/2"}],"collection":[{"href":"http:\/\/singielnaszlaku.pl\/index.php\/wp-json\/wp\/v2\/pages"}],"about":[{"href":"http:\/\/singielnaszlaku.pl\/index.php\/wp-json\/wp\/v2\/types\/page"}],"author":[{"embeddable":true,"href":"http:\/\/singielnaszlaku.pl\/index.php\/wp-json\/wp\/v2\/users\/1"}],"replies":[{"embeddable":true,"href":"http:\/\/singielnaszlaku.pl\/index.php\/wp-json\/wp\/v2\/comments?post=2"}],"version-history":[{"count":17,"href":"http:\/\/singielnaszlaku.pl\/index.php\/wp-json\/wp\/v2\/pages\/2\/revisions"}],"predecessor-version":[{"id":277,"href":"http:\/\/singielnaszlaku.pl\/index.php\/wp-json\/wp\/v2\/pages\/2\/revisions\/277"}],"wp:attachment":[{"href":"http:\/\/singielnaszlaku.pl\/index.php\/wp-json\/wp\/v2\/media?parent=2"}],"curies":[{"name":"wp","href":"https:\/\/api.w.org\/{rel}","templated":true}]}}